{"id":14097,"date":"2017-07-13T06:58:00","date_gmt":"2017-07-13T06:58:00","guid":{"rendered":"https:\/\/ex-countries.fease.eu\/chi-siamo\/"},"modified":"2023-05-02T18:41:43","modified_gmt":"2023-05-02T18:41:43","slug":"chi-siamo","status":"publish","type":"page","link":"https:\/\/extinguishedcountries.com\/it\/chi-siamo\/","title":{"rendered":"Chi siamo"},"content":{"rendered":"\t\t<div data-elementor-type=\"wp-page\" data-elementor-id=\"14097\" class=\"elementor elementor-14097 elementor-845\" data-elementor-post-type=\"page\">\n\t\t\t\t\t\t<section class=\"elementor-section elementor-top-section elementor-element elementor-element-a1e1c1c elementor-section-boxed elementor-section-height-default elementor-section-height-default\" data-id=\"a1e1c1c\" data-element_type=\"section\" data-e-type=\"section\">\n\t\t\t\t\t\t<div class=\"elementor-container elementor-column-gap-default\">\n\t\t\t\t\t<div class=\"elementor-column elementor-col-100 elementor-top-column elementor-element elementor-element-b6d7213\" data-id=\"b6d7213\" data-element_type=\"column\" data-e-type=\"column\">\n\t\t\t<div class=\"elementor-widget-wrap elementor-element-populated\">\n\t\t\t\t\t\t<div class=\"elementor-element elementor-element-d5b917a elementor-widget elementor-widget-heading\" data-id=\"d5b917a\" data-element_type=\"widget\" data-e-type=\"widget\" data-widget_type=\"heading.default\">\n\t\t\t\t<div class=\"elementor-widget-container\">\n\t\t\t\t\t<h2 class=\"elementor-heading-title elementor-size-default\">Dall'idea al primo libro<\/h2>\t\t\t\t<\/div>\n\t\t\t\t<\/div>\n\t\t\t\t\t<\/div>\n\t\t<\/div>\n\t\t\t\t\t<\/div>\n\t\t<\/section>\n\t\t\t\t<section class=\"elementor-section elementor-top-section elementor-element elementor-element-ed3066e elementor-section-content-middle elementor-section-boxed elementor-section-height-default elementor-section-height-default\" data-id=\"ed3066e\" data-element_type=\"section\" data-e-type=\"section\">\n\t\t\t\t\t\t<div class=\"elementor-container elementor-column-gap-default\">\n\t\t\t\t\t<div class=\"elementor-column elementor-col-100 elementor-top-column elementor-element elementor-element-ee0fca0 animated-slow elementor-invisible\" data-id=\"ee0fca0\" data-element_type=\"column\" data-e-type=\"column\" data-settings=\"{&quot;background_background&quot;:&quot;classic&quot;,&quot;animation&quot;:&quot;fadeIn&quot;,&quot;animation_delay&quot;:200}\">\n\t\t\t<div class=\"elementor-widget-wrap elementor-element-populated\">\n\t\t\t\t\t\t<div class=\"elementor-element elementor-element-0b09b75 elementor-widget elementor-widget-text-editor\" data-id=\"0b09b75\" data-element_type=\"widget\" data-e-type=\"widget\" data-widget_type=\"text-editor.default\">\n\t\t\t\t<div class=\"elementor-widget-container\">\n\t\t\t\t\t\t\t\t\t<p>Il progetto Extinguished Countries \u00e8 stato fondato dal giornalista italiano Giovanni Vale. L&#8217;idea \u00e8 quella di proporre guide di viaggio che esplorano Stati Scomparsi, alla scoperta dell&#8217;eredit\u00e0 di un passato comune, che contribuisce a formare la nostra identit\u00e0. All&#8217;inizio del 2020, questa idea viene messa alla prova con il crowdfunding. Il progetto viene lanciato su Kickstarter e, in sole tre settimane, raccoglie il sostegno di quasi 600 persone e oltre 25.000 euro. Dopo un anno di duro lavoro, nell&#8217;estate del 2021 viene stampata la prima guida della collana di Extinguished Countries: Repubblica di Venezia.<\/p>\t\t\t\t\t\t\t\t<\/div>\n\t\t\t\t<\/div>\n\t\t\t\t<div class=\"elementor-element elementor-element-af34dd0 elementor-widget elementor-widget-text-editor\" data-id=\"af34dd0\" data-element_type=\"widget\" data-e-type=\"widget\" data-widget_type=\"text-editor.default\">\n\t\t\t\t<div class=\"elementor-widget-container\">\n\t\t\t\t\t\t\t\t\t<p><span style=\"font-weight: bold;\">Clicca sul video qui sotto per vedere il video della nostra prima campagna.<\/span><\/p>\t\t\t\t\t\t\t\t<\/div>\n\t\t\t\t<\/div>\n\t\t\t\t<div class=\"elementor-element elementor-element-2f823af elementor-widget__width-initial elementor-widget elementor-widget-video\" data-id=\"2f823af\" data-element_type=\"widget\" data-e-type=\"widget\" data-settings=\"{&quot;youtube_url&quot;:&quot;https:\\\/\\\/youtu.be\\\/ZTTeUvPJk8s&quot;,&quot;video_type&quot;:&quot;youtube&quot;,&quot;controls&quot;:&quot;yes&quot;}\" data-widget_type=\"video.default\">\n\t\t\t\t<div class=\"elementor-widget-container\">\n\t\t\t\t\t\t\t<div class=\"elementor-wrapper elementor-open-inline\">\n\t\t\t<div class=\"elementor-video\"><\/div>\t\t<\/div>\n\t\t\t\t\t\t<\/div>\n\t\t\t\t<\/div>\n\t\t\t\t<div class=\"elementor-element elementor-element-bcb4040 elementor-widget elementor-widget-text-editor\" data-id=\"bcb4040\" data-element_type=\"widget\" data-e-type=\"widget\" data-widget_type=\"text-editor.default\">\n\t\t\t\t<div class=\"elementor-widget-container\">\n\t\t\t\t\t\t\t\t\t<p>Il progetto ExCo invita i lettori ad approfondire i concetti di identit\u00e0, confini e nazioni. Sottolineando le nostre somiglianze e celebrando le nostre differenze, ci sforziamo di creare ponti che colleghino tutte le persone in tutto il mondo. Per raggiungere questo obiettivo, abbiamo utilizzato diverse tecniche di storytelling, tra cui guide, <a href=\"https:\/\/extinguishedcountries.com\/it\/podcasts\/\">podcast<\/a> e una <a href=\"https:\/\/extinguishedcountries.com\/it\/blog\/\">biblioteca<\/a> curata di libri che fanno riflettere. Queste risorse indagano i principi fondamentali del nostro progetto, esplorando i concetti di s\u00e9 e dell&#8217;altro, gli insegnamenti della storia e la complessit\u00e0 della nostra identit\u00e0.<\/p><p>\u00a0<\/p><p>Nel mondo di oggi, l&#8217;umanit\u00e0 affronta una miriade di sfide che minacciano di dividerci. Ad ExCo crediamo che la comprensione del passato sia essenziale per creare un futuro migliore. Attraverso le storie degli Stati Scomparsi, riceviamo preziose indicazioni su ci\u00f2 che funziona e ci\u00f2 che non funziona, e scopriamo di avere molto in comune con i nostri vicini.<\/p><p>\u00a0<\/p><p>Le nostre esperienze ci hanno insegnato che la promozione del turismo sostenibile, la tutela del patrimonio culturale e la ricerca storica rigorosa sono fondamentali per costruire un futuro pi\u00f9 luminoso. Questi principi ispirano e guidano il nostro lavoro.<\/p><p>\u00a0<\/p><p>Volete collaborare con noi e aiutarci a costruire un <span style=\"color: var( --e-global-color-text ); font-family: var( --e-global-typography-text-font-family ), Sans-serif; font-weight: var( --e-global-typography-text-font-weight ); font-size: var(--global--font-size-base);\">mondo pi\u00f9 unito? Scrivici una mail a explore@extinguishedcountries.con e sali a bordo!<\/span><\/p>\t\t\t\t\t\t\t\t<\/div>\n\t\t\t\t<\/div>\n\t\t\t\t\t<\/div>\n\t\t<\/div>\n\t\t\t\t\t<\/div>\n\t\t<\/section>\n\t\t\t\t<section class=\"elementor-section elementor-top-section elementor-element elementor-element-b934bf0 elementor-section-boxed elementor-section-height-default elementor-section-height-default\" data-id=\"b934bf0\" data-element_type=\"section\" data-e-type=\"section\" data-settings=\"{&quot;background_background&quot;:&quot;classic&quot;}\">\n\t\t\t\t\t\t<div class=\"elementor-container elementor-column-gap-default\">\n\t\t\t\t\t<div class=\"elementor-column elementor-col-100 elementor-top-column elementor-element elementor-element-a3d3a19\" data-id=\"a3d3a19\" data-element_type=\"column\" data-e-type=\"column\">\n\t\t\t<div class=\"elementor-widget-wrap elementor-element-populated\">\n\t\t\t\t\t\t<div class=\"elementor-element elementor-element-93b1526 elementor-widget elementor-widget-heading\" data-id=\"93b1526\" data-element_type=\"widget\" data-e-type=\"widget\" data-widget_type=\"heading.default\">\n\t\t\t\t<div class=\"elementor-widget-container\">\n\t\t\t\t\t<h4 class=\"elementor-heading-title elementor-size-default\">La squadra di ExCo\n<\/h4>\t\t\t\t<\/div>\n\t\t\t\t<\/div>\n\t\t\t\t<section class=\"elementor-section elementor-inner-section elementor-element elementor-element-d14bf9a elementor-section-content-top elementor-section-full_width elementor-section-height-default elementor-section-height-default\" data-id=\"d14bf9a\" data-element_type=\"section\" data-e-type=\"section\">\n\t\t\t\t\t\t<div class=\"elementor-container elementor-column-gap-narrow\">\n\t\t\t\t\t<div class=\"elementor-column elementor-col-25 elementor-inner-column elementor-element elementor-element-a10a29a animated-fast elementor-invisible\" data-id=\"a10a29a\" data-element_type=\"column\" data-e-type=\"column\" data-settings=\"{&quot;animation&quot;:&quot;fadeInUp&quot;}\">\n\t\t\t<div class=\"elementor-widget-wrap elementor-element-populated\">\n\t\t\t\t\t\t<div class=\"elementor-element elementor-element-ee43748 elementor-widget elementor-widget-image\" data-id=\"ee43748\" data-element_type=\"widget\" data-e-type=\"widget\" data-widget_type=\"image.default\">\n\t\t\t\t<div class=\"elementor-widget-container\">\n\t\t\t\t\t\t\t\t\t\t\t\t\t\t\t<img decoding=\"async\" src=\"https:\/\/extinguishedcountries.com\/wp-content\/uploads\/2023\/03\/giovanni-vale.png\" title=\"giovanni-vale\" alt=\"giovanni-vale\" loading=\"lazy\" \/>\t\t\t\t\t\t\t\t\t\t\t\t\t\t\t<\/div>\n\t\t\t\t<\/div>\n\t\t\t\t<div class=\"elementor-element elementor-element-19f896b elementor-widget elementor-widget-heading\" data-id=\"19f896b\" data-element_type=\"widget\" data-e-type=\"widget\" data-widget_type=\"heading.default\">\n\t\t\t\t<div class=\"elementor-widget-container\">\n\t\t\t\t\t<h5 class=\"elementor-heading-title elementor-size-default\">Giovanni Vale<\/h5>\t\t\t\t<\/div>\n\t\t\t\t<\/div>\n\t\t\t\t<div class=\"elementor-element elementor-element-10fdc67 elementor-widget elementor-widget-text-editor\" data-id=\"10fdc67\" data-element_type=\"widget\" data-e-type=\"widget\" data-widget_type=\"text-editor.default\">\n\t\t\t\t<div class=\"elementor-widget-container\">\n\t\t\t\t\t\t\t\t\tGiornalista, corrispondente da Zagabria per numerosi media italiani e internazionali e autore di otto guide turistiche per diversi editori europei. Giovanni ha ideato e realizzato Extinguished Countries e ha scritto i testi di questa guida.\n\n\t\t\t\t\t\t\t\t<\/div>\n\t\t\t\t<\/div>\n\t\t\t\t\t<\/div>\n\t\t<\/div>\n\t\t\t\t<div class=\"elementor-column elementor-col-25 elementor-inner-column elementor-element elementor-element-bce628c animated-fast elementor-invisible\" data-id=\"bce628c\" data-element_type=\"column\" data-e-type=\"column\" data-settings=\"{&quot;animation&quot;:&quot;fadeInUp&quot;}\">\n\t\t\t<div class=\"elementor-widget-wrap elementor-element-populated\">\n\t\t\t\t\t\t<div class=\"elementor-element elementor-element-47adf62 elementor-widget elementor-widget-image\" data-id=\"47adf62\" data-element_type=\"widget\" data-e-type=\"widget\" data-widget_type=\"image.default\">\n\t\t\t\t<div class=\"elementor-widget-container\">\n\t\t\t\t\t\t\t\t\t\t\t\t\t\t\t<img decoding=\"async\" src=\"https:\/\/extinguishedcountries.com\/wp-content\/uploads\/2023\/03\/chiara.jpeg\" title=\"chiara\" alt=\"chiara\" loading=\"lazy\" \/>\t\t\t\t\t\t\t\t\t\t\t\t\t\t\t<\/div>\n\t\t\t\t<\/div>\n\t\t\t\t<div class=\"elementor-element elementor-element-e1d5ff8 elementor-widget elementor-widget-heading\" data-id=\"e1d5ff8\" data-element_type=\"widget\" data-e-type=\"widget\" data-widget_type=\"heading.default\">\n\t\t\t\t<div class=\"elementor-widget-container\">\n\t\t\t\t\t<h5 class=\"elementor-heading-title elementor-size-default\">Chiara Marchesini\n<\/h5>\t\t\t\t<\/div>\n\t\t\t\t<\/div>\n\t\t\t\t<div class=\"elementor-element elementor-element-2ac39ea elementor-widget elementor-widget-text-editor\" data-id=\"2ac39ea\" data-element_type=\"widget\" data-e-type=\"widget\" data-widget_type=\"text-editor.default\">\n\t\t\t\t<div class=\"elementor-widget-container\">\n\t\t\t\t\t\t\t\t\t<p>Il nostro nuovo membro, Chiara, si \u00e8 unito al team nel marzo 2022 come assistente del direttore. \u00c8 responsabile della comunicazione e delle partnership. Se volete collaborare con noi, contattatela all&#8217;indirizzo\u00a0 explore@extinguishedcountries.com<\/p>\t\t\t\t\t\t\t\t<\/div>\n\t\t\t\t<\/div>\n\t\t\t\t\t<\/div>\n\t\t<\/div>\n\t\t\t\t<div class=\"elementor-column elementor-col-25 elementor-inner-column elementor-element elementor-element-42d52da animated-fast elementor-invisible\" data-id=\"42d52da\" data-element_type=\"column\" data-e-type=\"column\" data-settings=\"{&quot;animation&quot;:&quot;fadeInUp&quot;}\">\n\t\t\t<div class=\"elementor-widget-wrap elementor-element-populated\">\n\t\t\t\t\t\t<div class=\"elementor-element elementor-element-4132833 elementor-widget elementor-widget-image\" data-id=\"4132833\" data-element_type=\"widget\" data-e-type=\"widget\" data-widget_type=\"image.default\">\n\t\t\t\t<div class=\"elementor-widget-container\">\n\t\t\t\t\t\t\t\t\t\t\t\t\t\t\t<img decoding=\"async\" src=\"https:\/\/extinguishedcountries.com\/wp-content\/uploads\/2023\/04\/Extinguished-Countries_027-1-scaled.jpg\" title=\"Extinguished Countries_027\" alt=\"Extinguished Countries_027\" loading=\"lazy\" \/>\t\t\t\t\t\t\t\t\t\t\t\t\t\t\t<\/div>\n\t\t\t\t<\/div>\n\t\t\t\t<div class=\"elementor-element elementor-element-80071c0 elementor-widget elementor-widget-heading\" data-id=\"80071c0\" data-element_type=\"widget\" data-e-type=\"widget\" data-widget_type=\"heading.default\">\n\t\t\t\t<div class=\"elementor-widget-container\">\n\t\t\t\t\t<h5 class=\"elementor-heading-title elementor-size-default\">Paul Prescott\n<\/h5>\t\t\t\t<\/div>\n\t\t\t\t<\/div>\n\t\t\t\t<div class=\"elementor-element elementor-element-2e757ad elementor-widget elementor-widget-text-editor\" data-id=\"2e757ad\" data-element_type=\"widget\" data-e-type=\"widget\" data-widget_type=\"text-editor.default\">\n\t\t\t\t<div class=\"elementor-widget-container\">\n\t\t\t\t\t\t\t\t\t<p>Fotografo e regista pluripremiato, fondatore di Amazing Aerial Agency e della casa di produzione WE&#8217;RE THOSE. Paul ha diretto il video di crowdfunding di Extinguished Countries.<\/p>\n\t\t\t\t\t\t\t\t<\/div>\n\t\t\t\t<\/div>\n\t\t\t\t\t<\/div>\n\t\t<\/div>\n\t\t\t\t<div class=\"elementor-column elementor-col-25 elementor-inner-column elementor-element elementor-element-38185d3 animated-fast elementor-invisible\" data-id=\"38185d3\" data-element_type=\"column\" data-e-type=\"column\" data-settings=\"{&quot;animation&quot;:&quot;fadeInUp&quot;}\">\n\t\t\t<div class=\"elementor-widget-wrap elementor-element-populated\">\n\t\t\t\t\t\t<div class=\"elementor-element elementor-element-cc268f9 elementor-widget elementor-widget-image\" data-id=\"cc268f9\" data-element_type=\"widget\" data-e-type=\"widget\" data-widget_type=\"image.default\">\n\t\t\t\t<div class=\"elementor-widget-container\">\n\t\t\t\t\t\t\t\t\t\t\t\t\t\t\t<img decoding=\"async\" src=\"https:\/\/extinguishedcountries.com\/wp-content\/uploads\/2023\/04\/Extinguished-Countries_063-scaled-e1682435001109.jpg\" title=\"Extinguished Countries_063\" alt=\"Extinguished Countries_063\" loading=\"lazy\" \/>\t\t\t\t\t\t\t\t\t\t\t\t\t\t\t<\/div>\n\t\t\t\t<\/div>\n\t\t\t\t<div class=\"elementor-element elementor-element-9b537a9 elementor-widget elementor-widget-heading\" data-id=\"9b537a9\" data-element_type=\"widget\" data-e-type=\"widget\" data-widget_type=\"heading.default\">\n\t\t\t\t<div class=\"elementor-widget-container\">\n\t\t\t\t\t<h5 class=\"elementor-heading-title elementor-size-default\">Ivana Poga\u010di\u0107\n<\/h5>\t\t\t\t<\/div>\n\t\t\t\t<\/div>\n\t\t\t\t<div class=\"elementor-element elementor-element-329a7e8 elementor-widget elementor-widget-text-editor\" data-id=\"329a7e8\" data-element_type=\"widget\" data-e-type=\"widget\" data-widget_type=\"text-editor.default\">\n\t\t\t\t<div class=\"elementor-widget-container\">\n\t\t\t\t\t\t\t\t\t<p>Interprete e traduttrice di inglese, francese e croato, Ivana ha co-progettato Extinguished Countries, ha supervisionato la produzione della guida e ha tradotto la maggior parte del libro in inglese.<\/p>\n\t\t\t\t\t\t\t\t<\/div>\n\t\t\t\t<\/div>\n\t\t\t\t\t<\/div>\n\t\t<\/div>\n\t\t\t\t\t<\/div>\n\t\t<\/section>\n\t\t\t\t<section class=\"elementor-section elementor-inner-section elementor-element elementor-element-98186bc elementor-section-content-top elementor-section-boxed elementor-section-height-default elementor-section-height-default\" data-id=\"98186bc\" data-element_type=\"section\" data-e-type=\"section\">\n\t\t\t\t\t\t<div class=\"elementor-container elementor-column-gap-narrow\">\n\t\t\t\t\t<div class=\"elementor-column elementor-col-25 elementor-inner-column elementor-element elementor-element-69b1d54 animated-fast elementor-invisible\" data-id=\"69b1d54\" data-element_type=\"column\" data-e-type=\"column\" data-settings=\"{&quot;animation&quot;:&quot;fadeInUp&quot;}\">\n\t\t\t<div class=\"elementor-widget-wrap elementor-element-populated\">\n\t\t\t\t\t\t<div class=\"elementor-element elementor-element-928f684 elementor-widget elementor-widget-image\" data-id=\"928f684\" data-element_type=\"widget\" data-e-type=\"widget\" data-widget_type=\"image.default\">\n\t\t\t\t<div class=\"elementor-widget-container\">\n\t\t\t\t\t\t\t\t\t\t\t\t\t\t\t<img decoding=\"async\" src=\"https:\/\/extinguishedcountries.com\/wp-content\/uploads\/2023\/04\/Extinguished-Countries_052-scaled.jpg\" title=\"Extinguished Countries_052\" alt=\"Extinguished Countries_052\" loading=\"lazy\" \/>\t\t\t\t\t\t\t\t\t\t\t\t\t\t\t<\/div>\n\t\t\t\t<\/div>\n\t\t\t\t<div class=\"elementor-element elementor-element-302a08a elementor-widget elementor-widget-heading\" data-id=\"302a08a\" data-element_type=\"widget\" data-e-type=\"widget\" data-widget_type=\"heading.default\">\n\t\t\t\t<div class=\"elementor-widget-container\">\n\t\t\t\t\t<h5 class=\"elementor-heading-title elementor-size-default\">Iva Hrvatin\n<\/h5>\t\t\t\t<\/div>\n\t\t\t\t<\/div>\n\t\t\t\t<div class=\"elementor-element elementor-element-08e6126 elementor-widget elementor-widget-text-editor\" data-id=\"08e6126\" data-element_type=\"widget\" data-e-type=\"widget\" data-widget_type=\"text-editor.default\">\n\t\t\t\t<div class=\"elementor-widget-container\">\n\t\t\t\t\t\t\t\t\tDesigner croata, Iva lavora solitamente su progetti di total brand design, ma occasionalmente ama esprimersi con disegni umoristici. Ha disegnato le mappe e le illustrazioni.\n\n\t\t\t\t\t\t\t\t<\/div>\n\t\t\t\t<\/div>\n\t\t\t\t\t<\/div>\n\t\t<\/div>\n\t\t\t\t<div class=\"elementor-column elementor-col-25 elementor-inner-column elementor-element elementor-element-b27c8ae animated-fast elementor-invisible\" data-id=\"b27c8ae\" data-element_type=\"column\" data-e-type=\"column\" data-settings=\"{&quot;animation&quot;:&quot;fadeInUp&quot;}\">\n\t\t\t<div class=\"elementor-widget-wrap elementor-element-populated\">\n\t\t\t\t\t\t<div class=\"elementor-element elementor-element-841e5ec elementor-widget elementor-widget-image\" data-id=\"841e5ec\" data-element_type=\"widget\" data-e-type=\"widget\" data-widget_type=\"image.default\">\n\t\t\t\t<div class=\"elementor-widget-container\">\n\t\t\t\t\t\t\t\t\t\t\t\t\t\t\t<img decoding=\"async\" src=\"https:\/\/extinguishedcountries.com\/wp-content\/uploads\/2023\/04\/Extinguished-Countries_037-1-scaled-e1681910774232.jpg\" title=\"Extinguished Countries_037 (1)\" alt=\"Extinguished Countries_037 (1)\" loading=\"lazy\" \/>\t\t\t\t\t\t\t\t\t\t\t\t\t\t\t<\/div>\n\t\t\t\t<\/div>\n\t\t\t\t<div class=\"elementor-element elementor-element-7f800a9 elementor-widget elementor-widget-heading\" data-id=\"7f800a9\" data-element_type=\"widget\" data-e-type=\"widget\" data-widget_type=\"heading.default\">\n\t\t\t\t<div class=\"elementor-widget-container\">\n\t\t\t\t\t<h5 class=\"elementor-heading-title elementor-size-default\">Felipe Trentini Ullmann\n<\/h5>\t\t\t\t<\/div>\n\t\t\t\t<\/div>\n\t\t\t\t<div class=\"elementor-element elementor-element-4d94b56 elementor-widget elementor-widget-text-editor\" data-id=\"4d94b56\" data-element_type=\"widget\" data-e-type=\"widget\" data-widget_type=\"text-editor.default\">\n\t\t\t\t<div class=\"elementor-widget-container\">\n\t\t\t\t\t\t\t\t\tCineasta brasiliano, &#8220;on the road&#8221; dal 2017. Felipe ha percorso in bici e filmato oltre 8.000 km attraverso l&#8217;Europa e ha girato il video di crowdfunding di Extinguished Countries.\n\n\t\t\t\t\t\t\t\t<\/div>\n\t\t\t\t<\/div>\n\t\t\t\t\t<\/div>\n\t\t<\/div>\n\t\t\t\t<div class=\"elementor-column elementor-col-25 elementor-inner-column elementor-element elementor-element-d601b1e animated-fast elementor-invisible\" data-id=\"d601b1e\" data-element_type=\"column\" data-e-type=\"column\" data-settings=\"{&quot;animation&quot;:&quot;fadeInUp&quot;}\">\n\t\t\t<div class=\"elementor-widget-wrap elementor-element-populated\">\n\t\t\t\t\t\t<div class=\"elementor-element elementor-element-1e3e754 elementor-widget elementor-widget-image\" data-id=\"1e3e754\" data-element_type=\"widget\" data-e-type=\"widget\" data-widget_type=\"image.default\">\n\t\t\t\t<div class=\"elementor-widget-container\">\n\t\t\t\t\t\t\t\t\t\t\t\t\t\t\t<img decoding=\"async\" src=\"https:\/\/extinguishedcountries.com\/wp-content\/uploads\/2023\/04\/202499779_670203087221132_2443770772826302543_n-e1681910812828.jpeg\" title=\"202499779_670203087221132_2443770772826302543_n\" alt=\"202499779_670203087221132_2443770772826302543_n\" loading=\"lazy\" \/>\t\t\t\t\t\t\t\t\t\t\t\t\t\t\t<\/div>\n\t\t\t\t<\/div>\n\t\t\t\t<div class=\"elementor-element elementor-element-c0e08c1 elementor-widget elementor-widget-heading\" data-id=\"c0e08c1\" data-element_type=\"widget\" data-e-type=\"widget\" data-widget_type=\"heading.default\">\n\t\t\t\t<div class=\"elementor-widget-container\">\n\t\t\t\t\t<h5 class=\"elementor-heading-title elementor-size-default\">Julien Trambouze\n<\/h5>\t\t\t\t<\/div>\n\t\t\t\t<\/div>\n\t\t\t\t<div class=\"elementor-element elementor-element-0a8a23a elementor-widget elementor-widget-text-editor\" data-id=\"0a8a23a\" data-element_type=\"widget\" data-e-type=\"widget\" data-widget_type=\"text-editor.default\">\n\t\t\t\t<div class=\"elementor-widget-container\">\n\t\t\t\t\t\t\t\t\tGiornalista di Radio France, autore di servizi radiofonici per RFI e RTS, esperto di ecologia e insegnante di giornalismo radiofonico. Julien ha prodotto il podcast Paesi estinti.\n\n\t\t\t\t\t\t\t\t<\/div>\n\t\t\t\t<\/div>\n\t\t\t\t\t<\/div>\n\t\t<\/div>\n\t\t\t\t<div class=\"elementor-column elementor-col-25 elementor-inner-column elementor-element elementor-element-1262d3e animated-fast elementor-invisible\" data-id=\"1262d3e\" data-element_type=\"column\" data-e-type=\"column\" data-settings=\"{&quot;animation&quot;:&quot;fadeInUp&quot;}\">\n\t\t\t<div class=\"elementor-widget-wrap elementor-element-populated\">\n\t\t\t\t\t\t<div class=\"elementor-element elementor-element-524c435 elementor-widget elementor-widget-image\" data-id=\"524c435\" data-element_type=\"widget\" data-e-type=\"widget\" data-widget_type=\"image.default\">\n\t\t\t\t<div class=\"elementor-widget-container\">\n\t\t\t\t\t\t\t\t\t\t\t\t\t\t\t<img decoding=\"async\" src=\"https:\/\/extinguishedcountries.com\/wp-content\/uploads\/2023\/04\/Extinguished-Countries_051-scaled.jpg\" title=\"Extinguished Countries_051\" alt=\"Extinguished Countries_051\" loading=\"lazy\" \/>\t\t\t\t\t\t\t\t\t\t\t\t\t\t\t<\/div>\n\t\t\t\t<\/div>\n\t\t\t\t<div class=\"elementor-element elementor-element-3a9238f elementor-widget elementor-widget-heading\" data-id=\"3a9238f\" data-element_type=\"widget\" data-e-type=\"widget\" data-widget_type=\"heading.default\">\n\t\t\t\t<div class=\"elementor-widget-container\">\n\t\t\t\t\t<h5 class=\"elementor-heading-title elementor-size-default\">Hrvoje Z\u030civc\u030cic\u0301\n<\/h5>\t\t\t\t<\/div>\n\t\t\t\t<\/div>\n\t\t\t\t<div class=\"elementor-element elementor-element-52fa287 elementor-widget elementor-widget-text-editor\" data-id=\"52fa287\" data-element_type=\"widget\" data-e-type=\"widget\" data-widget_type=\"text-editor.default\">\n\t\t\t\t<div class=\"elementor-widget-container\">\n\t\t\t\t\t\t\t\t\tTipografo e graphic designer croato, autore di vari design di caratteri tipografici e progetti editoriali. Hrvoje ha creato il logo del progetto, la sua visual identity e il layout del libro.\n\n\t\t\t\t\t\t\t\t<\/div>\n\t\t\t\t<\/div>\n\t\t\t\t\t<\/div>\n\t\t<\/div>\n\t\t\t\t\t<\/div>\n\t\t<\/section>\n\t\t\t\t\t<\/div>\n\t\t<\/div>\n\t\t\t\t\t<\/div>\n\t\t<\/section>\n\t\t\t\t<\/div>\n\t\t","protected":false},"excerpt":{"rendered":"<p>Dall&#8217;idea al primo libro Il progetto Extinguished Countries \u00e8 stato fondato dal giornalista italiano Giovanni Vale. L&#8217;idea \u00e8 quella di proporre guide di viaggio che esplorano Stati Scomparsi, alla scoperta dell&#8217;eredit\u00e0 di un passato comune, che contribuisce a formare la nostra identit\u00e0. All&#8217;inizio del 2020, questa idea viene messa alla prova con il crowdfunding. Il&hellip; <a class=\"more-link\" href=\"https:\/\/extinguishedcountries.com\/it\/chi-siamo\/\">Continua a leggere <span class=\"screen-reader-text\">Chi siamo<\/span><\/a><\/p>\n","protected":false},"author":1,"featured_media":18248,"parent":0,"menu_order":0,"comment_status":"closed","ping_status":"closed","template":"","meta":{"footnotes":""},"class_list":["post-14097","page","type-page","status-publish","has-post-thumbnail","hentry","entry"],"_links":{"self":[{"href":"https:\/\/extinguishedcountries.com\/it\/wp-json\/wp\/v2\/pages\/14097","targetHints":{"allow":["GET"]}}],"collection":[{"href":"https:\/\/extinguishedcountries.com\/it\/wp-json\/wp\/v2\/pages"}],"about":[{"href":"https:\/\/extinguishedcountries.com\/it\/wp-json\/wp\/v2\/types\/page"}],"author":[{"embeddable":true,"href":"https:\/\/extinguishedcountries.com\/it\/wp-json\/wp\/v2\/users\/1"}],"replies":[{"embeddable":true,"href":"https:\/\/extinguishedcountries.com\/it\/wp-json\/wp\/v2\/comments?post=14097"}],"version-history":[{"count":0,"href":"https:\/\/extinguishedcountries.com\/it\/wp-json\/wp\/v2\/pages\/14097\/revisions"}],"wp:featuredmedia":[{"embeddable":true,"href":"https:\/\/extinguishedcountries.com\/it\/wp-json\/wp\/v2\/media\/18248"}],"wp:attachment":[{"href":"https:\/\/extinguishedcountries.com\/it\/wp-json\/wp\/v2\/media?parent=14097"}],"curies":[{"name":"wp","href":"https:\/\/api.w.org\/{rel}","templated":true}]}}