{"id":14099,"date":"2017-06-14T13:43:21","date_gmt":"2017-06-14T13:43:21","guid":{"rendered":"https:\/\/ex-countries.fease.eu\/blog\/"},"modified":"2026-01-19T07:15:28","modified_gmt":"2026-01-19T07:15:28","slug":"blog","status":"publish","type":"page","link":"https:\/\/extinguishedcountries.com\/it\/blog\/","title":{"rendered":"Blog"},"content":{"rendered":"\t\t<div data-elementor-type=\"wp-page\" data-elementor-id=\"14099\" class=\"elementor elementor-14099 elementor-107\" data-elementor-post-type=\"page\">\n\t\t\t\t\t\t<section class=\"elementor-section elementor-top-section elementor-element elementor-element-5ff5a30 elementor-section-boxed elementor-section-height-default elementor-section-height-default\" data-id=\"5ff5a30\" data-element_type=\"section\" data-e-type=\"section\">\n\t\t\t\t\t\t<div class=\"elementor-container elementor-column-gap-default\">\n\t\t\t\t\t<div class=\"elementor-column elementor-col-100 elementor-top-column elementor-element elementor-element-90ee067\" data-id=\"90ee067\" data-element_type=\"column\" data-e-type=\"column\">\n\t\t\t<div class=\"elementor-widget-wrap elementor-element-populated\">\n\t\t\t\t\t\t<div class=\"elementor-element elementor-element-a471a81 elementor-grid-3 elementor-grid-tablet-2 elementor-grid-mobile-1 elementor-posts--thumbnail-top load-more-align-center elementor-widget elementor-widget-posts\" data-id=\"a471a81\" data-element_type=\"widget\" data-e-type=\"widget\" data-settings=\"{&quot;pagination_type&quot;:&quot;load_more_on_click&quot;,&quot;classic_columns&quot;:&quot;3&quot;,&quot;classic_columns_tablet&quot;:&quot;2&quot;,&quot;classic_columns_mobile&quot;:&quot;1&quot;,&quot;classic_row_gap&quot;:{&quot;unit&quot;:&quot;px&quot;,&quot;size&quot;:35,&quot;sizes&quot;:[]},&quot;classic_row_gap_tablet&quot;:{&quot;unit&quot;:&quot;px&quot;,&quot;size&quot;:&quot;&quot;,&quot;sizes&quot;:[]},&quot;classic_row_gap_mobile&quot;:{&quot;unit&quot;:&quot;px&quot;,&quot;size&quot;:&quot;&quot;,&quot;sizes&quot;:[]},&quot;load_more_spinner&quot;:{&quot;value&quot;:&quot;fas fa-spinner&quot;,&quot;library&quot;:&quot;fa-solid&quot;}}\" data-widget_type=\"posts.classic\">\n\t\t\t\t<div class=\"elementor-widget-container\">\n\t\t\t\t\t\t\t<div class=\"elementor-posts-container elementor-posts elementor-posts--skin-classic elementor-grid\" role=\"list\">\n\t\t\t\t<article class=\"elementor-post elementor-grid-item post-20736 post type-post status-publish format-standard has-post-thumbnail hentry category-storie tag-belgrado tag-hammam tag-impero-ottomano tag-marco-abram tag-milos-obrenovic tag-monument tag-serbia-it entry\" role=\"listitem\">\n\t\t\t\t<a class=\"elementor-post__thumbnail__link\" href=\"https:\/\/extinguishedcountries.com\/it\/un-inatteso-hammam-in-centro-a-belgrado\/\" tabindex=\"-1\" >\n\t\t\t<div class=\"elementor-post__thumbnail\"><img fetchpriority=\"high\" decoding=\"async\" width=\"750\" height=\"750\" src=\"https:\/\/extinguishedcountries.com\/wp-content\/uploads\/2026\/04\/Untitled-design-768x768.png\" class=\"attachment-medium_large size-medium_large wp-image-20761\" alt=\"Hammam, Beograd\" style=\"width:100%;height:100%;max-width:1200px\" srcset=\"https:\/\/extinguishedcountries.com\/wp-content\/uploads\/2026\/04\/Untitled-design-768x768.png 768w, https:\/\/extinguishedcountries.com\/wp-content\/uploads\/2026\/04\/Untitled-design-300x300.png 300w, https:\/\/extinguishedcountries.com\/wp-content\/uploads\/2026\/04\/Untitled-design-1024x1024.png 1024w, https:\/\/extinguishedcountries.com\/wp-content\/uploads\/2026\/04\/Untitled-design-150x150.png 150w, https:\/\/extinguishedcountries.com\/wp-content\/uploads\/2026\/04\/Untitled-design-450x450.png 450w, https:\/\/extinguishedcountries.com\/wp-content\/uploads\/2026\/04\/Untitled-design-600x600.png 600w, https:\/\/extinguishedcountries.com\/wp-content\/uploads\/2026\/04\/Untitled-design-100x100.png 100w, https:\/\/extinguishedcountries.com\/wp-content\/uploads\/2026\/04\/Untitled-design.png 1200w\" sizes=\"(max-width: 750px) 100vw, 750px\" \/><\/div>\n\t\t<\/a>\n\t\t\t\t<div class=\"elementor-post__text\">\n\t\t\t\t<h3 class=\"elementor-post__title\">\n\t\t\t<a href=\"https:\/\/extinguishedcountries.com\/it\/un-inatteso-hammam-in-centro-a-belgrado\/\" >\n\t\t\t\tUn inatteso hammam in centro a Belgrado\t\t\t<\/a>\n\t\t<\/h3>\n\t\t\t\t<div class=\"elementor-post__meta-data\">\n\t\t\t\t\t<span class=\"elementor-post-author\">\n\t\t\tadmin\t\t<\/span>\n\t\t\t\t<span class=\"elementor-post-date\">\n\t\t\t27 Aprile 2026\t\t<\/span>\n\t\t\t\t<\/div>\n\t\t\t\t<div class=\"elementor-post__excerpt\">\n\t\t\t<p>Belgrado non \u00e8 propriamente la prima citt\u00e0 che venga in mente quando si pensa alle eredit\u00e0 ottomane nei Balcani. Le tracce conservate nella fortezza di<\/p>\n\t\t<\/div>\n\t\t\n\t\t<a class=\"elementor-post__read-more\" href=\"https:\/\/extinguishedcountries.com\/it\/un-inatteso-hammam-in-centro-a-belgrado\/\" aria-label=\"Leggi tutto Un inatteso hammam in centro a Belgrado\" tabindex=\"-1\" >\n\t\t\tContinua a leggere \u00bb\t\t<\/a>\n\n\t\t\t\t<\/div>\n\t\t\t\t<\/article>\n\t\t\t\t<article class=\"elementor-post elementor-grid-item post-20686 post type-post status-publish format-standard has-post-thumbnail hentry category-storie tag-harem tag-impero-ottomano tag-istanbul-it tag-jeremy-f-walton tag-ottomano tag-revenant tag-sultano tag-tanzimat tag-universita-di-fiume tag-women entry\" role=\"listitem\">\n\t\t\t\t<a class=\"elementor-post__thumbnail__link\" href=\"https:\/\/extinguishedcountries.com\/it\/sei-miti-sullimpero-ottomano\/\" tabindex=\"-1\" >\n\t\t\t<div class=\"elementor-post__thumbnail\"><img decoding=\"async\" width=\"750\" height=\"563\" src=\"https:\/\/extinguishedcountries.com\/wp-content\/uploads\/2026\/03\/linda-gerbec-nbWj0jdTItI-unsplash-768x576.jpg\" class=\"attachment-medium_large size-medium_large wp-image-20687\" alt=\"\u0130stanbul, Turkey. Photo by Linda Gerbec \/ Unsplash\" style=\"width:100%;height:75%;max-width:2560px\" srcset=\"https:\/\/extinguishedcountries.com\/wp-content\/uploads\/2026\/03\/linda-gerbec-nbWj0jdTItI-unsplash-768x576.jpg 768w, https:\/\/extinguishedcountries.com\/wp-content\/uploads\/2026\/03\/linda-gerbec-nbWj0jdTItI-unsplash-300x225.jpg 300w, https:\/\/extinguishedcountries.com\/wp-content\/uploads\/2026\/03\/linda-gerbec-nbWj0jdTItI-unsplash-1024x768.jpg 1024w, https:\/\/extinguishedcountries.com\/wp-content\/uploads\/2026\/03\/linda-gerbec-nbWj0jdTItI-unsplash-1536x1152.jpg 1536w, https:\/\/extinguishedcountries.com\/wp-content\/uploads\/2026\/03\/linda-gerbec-nbWj0jdTItI-unsplash-2048x1536.jpg 2048w, https:\/\/extinguishedcountries.com\/wp-content\/uploads\/2026\/03\/linda-gerbec-nbWj0jdTItI-unsplash-1568x1176.jpg 1568w, https:\/\/extinguishedcountries.com\/wp-content\/uploads\/2026\/03\/linda-gerbec-nbWj0jdTItI-unsplash-600x450.jpg 600w\" sizes=\"(max-width: 750px) 100vw, 750px\" \/><\/div>\n\t\t<\/a>\n\t\t\t\t<div class=\"elementor-post__text\">\n\t\t\t\t<h3 class=\"elementor-post__title\">\n\t\t\t<a href=\"https:\/\/extinguishedcountries.com\/it\/sei-miti-sullimpero-ottomano\/\" >\n\t\t\t\tSei miti sull&#8217;Impero ottomano\t\t\t<\/a>\n\t\t<\/h3>\n\t\t\t\t<div class=\"elementor-post__meta-data\">\n\t\t\t\t\t<span class=\"elementor-post-author\">\n\t\t\tGiovanni Vale\t\t<\/span>\n\t\t\t\t<span class=\"elementor-post-date\">\n\t\t\t20 Aprile 2026\t\t<\/span>\n\t\t\t\t<\/div>\n\t\t\t\t<div class=\"elementor-post__excerpt\">\n\t\t\t<p>Il nostro recente articolo, \u00abL&#8217;Impero ottomano: una storia europea\u00bb, ha suscitato un vivace dibattito online, attirando le critiche di coloro che considerano la storia ottomana<\/p>\n\t\t<\/div>\n\t\t\n\t\t<a class=\"elementor-post__read-more\" href=\"https:\/\/extinguishedcountries.com\/it\/sei-miti-sullimpero-ottomano\/\" aria-label=\"Leggi tutto Sei miti sull&#8217;Impero ottomano\" tabindex=\"-1\" >\n\t\t\tContinua a leggere \u00bb\t\t<\/a>\n\n\t\t\t\t<\/div>\n\t\t\t\t<\/article>\n\t\t\t\t<article class=\"elementor-post elementor-grid-item post-20618 post type-post status-publish format-standard has-post-thumbnail hentry category-storie tag-banja-luka tag-bosnia-and-herzegovina tag-habsburg-empire-it tag-italy tag-marija-runic tag-pavel-falaleev tag-rossella-montibeler tag-stivor tag-stivorling tag-trentino tag-university-of-banja-luka tag-university-of-helsinki entry\" role=\"listitem\">\n\t\t\t\t<a class=\"elementor-post__thumbnail__link\" href=\"https:\/\/extinguishedcountries.com\/it\/la-storia-degli-italiani-che-vivono-in-bosnia-erzegovina-da-fine-ottocento\/\" tabindex=\"-1\" >\n\t\t\t<div class=\"elementor-post__thumbnail\"><img decoding=\"async\" width=\"750\" height=\"560\" src=\"https:\/\/extinguishedcountries.com\/wp-content\/uploads\/2026\/03\/IMG_4414-scaled-e1774967413586-768x573.jpg\" class=\"attachment-medium_large size-medium_large wp-image-20627\" alt=\"La comunit\u00e0 di \u0160tivor \u00a9 \u0160tivorling\" style=\"width:100%;height:74.57%;max-width:2517px\" srcset=\"https:\/\/extinguishedcountries.com\/wp-content\/uploads\/2026\/03\/IMG_4414-scaled-e1774967413586-768x573.jpg 768w, https:\/\/extinguishedcountries.com\/wp-content\/uploads\/2026\/03\/IMG_4414-scaled-e1774967413586-300x224.jpg 300w, https:\/\/extinguishedcountries.com\/wp-content\/uploads\/2026\/03\/IMG_4414-scaled-e1774967413586-1024x764.jpg 1024w, https:\/\/extinguishedcountries.com\/wp-content\/uploads\/2026\/03\/IMG_4414-scaled-e1774967413586-1536x1145.jpg 1536w, https:\/\/extinguishedcountries.com\/wp-content\/uploads\/2026\/03\/IMG_4414-scaled-e1774967413586-2048x1527.jpg 2048w, https:\/\/extinguishedcountries.com\/wp-content\/uploads\/2026\/03\/IMG_4414-scaled-e1774967413586-1568x1169.jpg 1568w, https:\/\/extinguishedcountries.com\/wp-content\/uploads\/2026\/03\/IMG_4414-scaled-e1774967413586-600x447.jpg 600w\" sizes=\"(max-width: 750px) 100vw, 750px\" \/><\/div>\n\t\t<\/a>\n\t\t\t\t<div class=\"elementor-post__text\">\n\t\t\t\t<h3 class=\"elementor-post__title\">\n\t\t\t<a href=\"https:\/\/extinguishedcountries.com\/it\/la-storia-degli-italiani-che-vivono-in-bosnia-erzegovina-da-fine-ottocento\/\" >\n\t\t\t\tLa storia degli italiani che vivono in Bosnia-Erzegovina da fine Ottocento\t\t\t<\/a>\n\t\t<\/h3>\n\t\t\t\t<div class=\"elementor-post__meta-data\">\n\t\t\t\t\t<span class=\"elementor-post-author\">\n\t\t\tGiovanni Vale\t\t<\/span>\n\t\t\t\t<span class=\"elementor-post-date\">\n\t\t\t31 Marzo 2026\t\t<\/span>\n\t\t\t\t<\/div>\n\t\t\t\t<div class=\"elementor-post__excerpt\">\n\t\t\t<p>A \u0160tivor, nel nord della Bosnia-Erzegovina, si \u00e8 stabilita a fine Ottocento una comunit\u00e0 di italiani proveniente dal Trentino. Parlano un dialetto particolare, lo stivoroto,<\/p>\n\t\t<\/div>\n\t\t\n\t\t<a class=\"elementor-post__read-more\" href=\"https:\/\/extinguishedcountries.com\/it\/la-storia-degli-italiani-che-vivono-in-bosnia-erzegovina-da-fine-ottocento\/\" aria-label=\"Leggi tutto La storia degli italiani che vivono in Bosnia-Erzegovina da fine Ottocento\" tabindex=\"-1\" >\n\t\t\tContinua a leggere \u00bb\t\t<\/a>\n\n\t\t\t\t<\/div>\n\t\t\t\t<\/article>\n\t\t\t\t<article class=\"elementor-post elementor-grid-item post-20585 post type-post status-publish format-standard has-post-thumbnail hentry category-storie tag-austria-ungheria tag-becka-skola tag-commedia tag-croazia tag-francesco-giuseppe tag-habsburg-empire-it tag-nostalgia tag-stjepan-peric entry\" role=\"listitem\">\n\t\t\t\t<a class=\"elementor-post__thumbnail__link\" href=\"https:\/\/extinguishedcountries.com\/it\/becka-skola-la-serie-comica-croata-che-gioca-con-la-nostalgia-dellimpero-austro-ungarico\/\" tabindex=\"-1\" >\n\t\t\t<div class=\"elementor-post__thumbnail\"><img loading=\"lazy\" decoding=\"async\" width=\"750\" height=\"563\" src=\"https:\/\/extinguishedcountries.com\/wp-content\/uploads\/2026\/03\/Untitled-design-768x576.png\" class=\"attachment-medium_large size-medium_large wp-image-20601\" alt=\"Be\u010dka \u0161kola \u00a9 Be\u010dka \u0161kola\" style=\"width:100%;height:75%;max-width:1024px\" srcset=\"https:\/\/extinguishedcountries.com\/wp-content\/uploads\/2026\/03\/Untitled-design-768x576.png 768w, https:\/\/extinguishedcountries.com\/wp-content\/uploads\/2026\/03\/Untitled-design-300x225.png 300w, https:\/\/extinguishedcountries.com\/wp-content\/uploads\/2026\/03\/Untitled-design-600x450.png 600w, https:\/\/extinguishedcountries.com\/wp-content\/uploads\/2026\/03\/Untitled-design.png 1024w\" sizes=\"(max-width: 750px) 100vw, 750px\" \/><\/div>\n\t\t<\/a>\n\t\t\t\t<div class=\"elementor-post__text\">\n\t\t\t\t<h3 class=\"elementor-post__title\">\n\t\t\t<a href=\"https:\/\/extinguishedcountries.com\/it\/becka-skola-la-serie-comica-croata-che-gioca-con-la-nostalgia-dellimpero-austro-ungarico\/\" >\n\t\t\t\tBe\u010dka \u0161kola \u2013 la serie comica croata che gioca con la nostalgia dell&#8217;Impero austro-ungarico\t\t\t<\/a>\n\t\t<\/h3>\n\t\t\t\t<div class=\"elementor-post__meta-data\">\n\t\t\t\t\t<span class=\"elementor-post-author\">\n\t\t\tGiovanni Vale\t\t<\/span>\n\t\t\t\t<span class=\"elementor-post-date\">\n\t\t\t9 Marzo 2026\t\t<\/span>\n\t\t\t\t<\/div>\n\t\t\t\t<div class=\"elementor-post__excerpt\">\n\t\t\t<p>&#8220;Be\u010dka \u0161kola\u201d \u00e8 un&#8217;espressione croata che letteralmente significa \u201cscuola viennese\u201d e si riferisce a una persona colta e raffinata, qualcuno che, in un certo senso,<\/p>\n\t\t<\/div>\n\t\t\n\t\t<a class=\"elementor-post__read-more\" href=\"https:\/\/extinguishedcountries.com\/it\/becka-skola-la-serie-comica-croata-che-gioca-con-la-nostalgia-dellimpero-austro-ungarico\/\" aria-label=\"Leggi tutto Be\u010dka \u0161kola \u2013 la serie comica croata che gioca con la nostalgia dell&#8217;Impero austro-ungarico\" tabindex=\"-1\" >\n\t\t\tContinua a leggere \u00bb\t\t<\/a>\n\n\t\t\t\t<\/div>\n\t\t\t\t<\/article>\n\t\t\t\t<article class=\"elementor-post elementor-grid-item post-20535 post type-post status-publish format-standard has-post-thumbnail hentry category-storie tag-burek tag-caffe tag-gastronomia tag-impero-ottomano-it tag-yogurt entry\" role=\"listitem\">\n\t\t\t\t<a class=\"elementor-post__thumbnail__link\" href=\"https:\/\/extinguishedcountries.com\/it\/yogurt-caffe-e-pasta-fillo-unintroduzione-alla-gastronomia-ottomana\/\" tabindex=\"-1\" >\n\t\t\t<div class=\"elementor-post__thumbnail\"><img loading=\"lazy\" decoding=\"async\" width=\"750\" height=\"500\" src=\"https:\/\/extinguishedcountries.com\/wp-content\/uploads\/2023\/03\/AdobeExpressPhotos_b071689dc8844e83a064a48d0f4c5e25_CopyEdited-768x512.jpg\" class=\"attachment-medium_large size-medium_large wp-image-20532\" alt=\"Immagine in primo piano: foto di un servizio da caff\u00e8 tradizionale turco con vassoio in filigrana d&#039;argento, caff\u00e8, succo di frutta, zollette di zucchero e lokum.\" style=\"width:100%;height:66.64%;max-width:2560px\" srcset=\"https:\/\/extinguishedcountries.com\/wp-content\/uploads\/2023\/03\/AdobeExpressPhotos_b071689dc8844e83a064a48d0f4c5e25_CopyEdited-768x512.jpg 768w, https:\/\/extinguishedcountries.com\/wp-content\/uploads\/2023\/03\/AdobeExpressPhotos_b071689dc8844e83a064a48d0f4c5e25_CopyEdited-300x200.jpg 300w, https:\/\/extinguishedcountries.com\/wp-content\/uploads\/2023\/03\/AdobeExpressPhotos_b071689dc8844e83a064a48d0f4c5e25_CopyEdited-1024x682.jpg 1024w, https:\/\/extinguishedcountries.com\/wp-content\/uploads\/2023\/03\/AdobeExpressPhotos_b071689dc8844e83a064a48d0f4c5e25_CopyEdited-1536x1024.jpg 1536w, https:\/\/extinguishedcountries.com\/wp-content\/uploads\/2023\/03\/AdobeExpressPhotos_b071689dc8844e83a064a48d0f4c5e25_CopyEdited-2048x1365.jpg 2048w, https:\/\/extinguishedcountries.com\/wp-content\/uploads\/2023\/03\/AdobeExpressPhotos_b071689dc8844e83a064a48d0f4c5e25_CopyEdited-1568x1045.jpg 1568w, https:\/\/extinguishedcountries.com\/wp-content\/uploads\/2023\/03\/AdobeExpressPhotos_b071689dc8844e83a064a48d0f4c5e25_CopyEdited-600x400.jpg 600w\" sizes=\"(max-width: 750px) 100vw, 750px\" \/><\/div>\n\t\t<\/a>\n\t\t\t\t<div class=\"elementor-post__text\">\n\t\t\t\t<h3 class=\"elementor-post__title\">\n\t\t\t<a href=\"https:\/\/extinguishedcountries.com\/it\/yogurt-caffe-e-pasta-fillo-unintroduzione-alla-gastronomia-ottomana\/\" >\n\t\t\t\tYogurt, caff\u00e8 e pasta fillo: un&#8217;introduzione alla gastronomia ottomana\t\t\t<\/a>\n\t\t<\/h3>\n\t\t\t\t<div class=\"elementor-post__meta-data\">\n\t\t\t\t\t<span class=\"elementor-post-author\">\n\t\t\tRebecca Duras\t\t<\/span>\n\t\t\t\t<span class=\"elementor-post-date\">\n\t\t\t25 Febbraio 2026\t\t<\/span>\n\t\t\t\t<\/div>\n\t\t\t\t<div class=\"elementor-post__excerpt\">\n\t\t\t<p>Il cibo \u00e8 una parte importante della nostra comprensione dell&#8217;Impero Ottomano, e gran parte di ci\u00f2 che gli ex territori ottomani hanno conservato di questo<\/p>\n\t\t<\/div>\n\t\t\n\t\t<a class=\"elementor-post__read-more\" href=\"https:\/\/extinguishedcountries.com\/it\/yogurt-caffe-e-pasta-fillo-unintroduzione-alla-gastronomia-ottomana\/\" aria-label=\"Leggi tutto Yogurt, caff\u00e8 e pasta fillo: un&#8217;introduzione alla gastronomia ottomana\" tabindex=\"-1\" >\n\t\t\tContinua a leggere \u00bb\t\t<\/a>\n\n\t\t\t\t<\/div>\n\t\t\t\t<\/article>\n\t\t\t\t<article class=\"elementor-post elementor-grid-item post-20465 post type-post status-publish format-standard has-post-thumbnail hentry category-storie tag-balcani tag-belgrado tag-bih tag-bosnia-erzegovina tag-cristianesimo tag-dubrovnik tag-emir-filipovic tag-europa tag-impero-ottomano-it tag-islam tag-sarajevo-it entry\" role=\"listitem\">\n\t\t\t\t<a class=\"elementor-post__thumbnail__link\" href=\"https:\/\/extinguishedcountries.com\/it\/limpero-ottomano-una-storia-europea\/\" tabindex=\"-1\" >\n\t\t\t<div class=\"elementor-post__thumbnail\"><img loading=\"lazy\" decoding=\"async\" width=\"750\" height=\"502\" src=\"https:\/\/extinguishedcountries.com\/wp-content\/uploads\/2026\/02\/1920px-Mostar_Old_Town_Panorama_2007-1-768x514.jpg\" class=\"attachment-medium_large size-medium_large wp-image-20478\" alt=\"Stari Most, Mostar \u2013 Ramirez, CC BY-SA 4.0\" style=\"width:100%;height:66.93%;max-width:1920px\" srcset=\"https:\/\/extinguishedcountries.com\/wp-content\/uploads\/2026\/02\/1920px-Mostar_Old_Town_Panorama_2007-1-768x514.jpg 768w, https:\/\/extinguishedcountries.com\/wp-content\/uploads\/2026\/02\/1920px-Mostar_Old_Town_Panorama_2007-1-300x201.jpg 300w, https:\/\/extinguishedcountries.com\/wp-content\/uploads\/2026\/02\/1920px-Mostar_Old_Town_Panorama_2007-1-1024x685.jpg 1024w, https:\/\/extinguishedcountries.com\/wp-content\/uploads\/2026\/02\/1920px-Mostar_Old_Town_Panorama_2007-1-1536x1028.jpg 1536w, https:\/\/extinguishedcountries.com\/wp-content\/uploads\/2026\/02\/1920px-Mostar_Old_Town_Panorama_2007-1-1568x1049.jpg 1568w, https:\/\/extinguishedcountries.com\/wp-content\/uploads\/2026\/02\/1920px-Mostar_Old_Town_Panorama_2007-1-600x402.jpg 600w, https:\/\/extinguishedcountries.com\/wp-content\/uploads\/2026\/02\/1920px-Mostar_Old_Town_Panorama_2007-1.jpg 1920w\" sizes=\"(max-width: 750px) 100vw, 750px\" \/><\/div>\n\t\t<\/a>\n\t\t\t\t<div class=\"elementor-post__text\">\n\t\t\t\t<h3 class=\"elementor-post__title\">\n\t\t\t<a href=\"https:\/\/extinguishedcountries.com\/it\/limpero-ottomano-una-storia-europea\/\" >\n\t\t\t\tL&#8217;Impero ottomano, una storia europea\t\t\t<\/a>\n\t\t<\/h3>\n\t\t\t\t<div class=\"elementor-post__meta-data\">\n\t\t\t\t\t<span class=\"elementor-post-author\">\n\t\t\tGiovanni Vale\t\t<\/span>\n\t\t\t\t<span class=\"elementor-post-date\">\n\t\t\t3 Febbraio 2026\t\t<\/span>\n\t\t\t\t<\/div>\n\t\t\t\t<div class=\"elementor-post__excerpt\">\n\t\t\t<p>Dopo la Repubblica di Venezia e l&#8217;Impero Asburgico, la terza guida degli Stati scomparsi sar\u00e0 dedicata all&#8217;Impero Ottomano, che ha ricevuto il maggior numero di<\/p>\n\t\t<\/div>\n\t\t\n\t\t<a class=\"elementor-post__read-more\" href=\"https:\/\/extinguishedcountries.com\/it\/limpero-ottomano-una-storia-europea\/\" aria-label=\"Leggi tutto L&#8217;Impero ottomano, una storia europea\" tabindex=\"-1\" >\n\t\t\tContinua a leggere \u00bb\t\t<\/a>\n\n\t\t\t\t<\/div>\n\t\t\t\t<\/article>\n\t\t\t\t<\/div>\n\t\t\t\t\t<span class=\"e-load-more-spinner\">\n\t\t\t\t<i aria-hidden=\"true\" class=\"fas fa-spinner\"><\/i>\t\t\t<\/span>\n\t\t\n\t\t\t\t<div class=\"e-load-more-anchor\" data-page=\"1\" data-max-page=\"9\" data-next-page=\"https:\/\/extinguishedcountries.com\/it\/wp-json\/wp\/v2\/pages\/14099\/page\/2\/\"><\/div>\n\t\t\t\t<div class=\"elementor-button-wrapper\">\n\t\t\t<a class=\"elementor-button elementor-size-sm\" role=\"button\">\n\t\t\t\t\t\t<span class=\"elementor-button-content-wrapper\">\n\t\t\t\t\t\t\t\t\t<span class=\"elementor-button-text\">Carica altro<\/span>\n\t\t\t\t\t<\/span>\n\t\t\t\t\t<\/a>\n\t\t<\/div>\n\t\t\t\t<div class=\"e-load-more-message\"><\/div>\n\t\t\t\t\t\t<\/div>\n\t\t\t\t<\/div>\n\t\t\t\t\t<\/div>\n\t\t<\/div>\n\t\t\t\t\t<\/div>\n\t\t<\/section>\n\t\t\t\t<\/div>\n\t\t","protected":false},"excerpt":{"rendered":"","protected":false},"author":1,"featured_media":0,"parent":0,"menu_order":0,"comment_status":"closed","ping_status":"closed","template":"","meta":{"footnotes":""},"class_list":["post-14099","page","type-page","status-publish","hentry","entry"],"_links":{"self":[{"href":"https:\/\/extinguishedcountries.com\/it\/wp-json\/wp\/v2\/pages\/14099","targetHints":{"allow":["GET"]}}],"collection":[{"href":"https:\/\/extinguishedcountries.com\/it\/wp-json\/wp\/v2\/pages"}],"about":[{"href":"https:\/\/extinguishedcountries.com\/it\/wp-json\/wp\/v2\/types\/page"}],"author":[{"embeddable":true,"href":"https:\/\/extinguishedcountries.com\/it\/wp-json\/wp\/v2\/users\/1"}],"replies":[{"embeddable":true,"href":"https:\/\/extinguishedcountries.com\/it\/wp-json\/wp\/v2\/comments?post=14099"}],"version-history":[{"count":0,"href":"https:\/\/extinguishedcountries.com\/it\/wp-json\/wp\/v2\/pages\/14099\/revisions"}],"wp:attachment":[{"href":"https:\/\/extinguishedcountries.com\/it\/wp-json\/wp\/v2\/media?parent=14099"}],"curies":[{"name":"wp","href":"https:\/\/api.w.org\/{rel}","templated":true}]}}