{"id":16561,"date":"2023-06-27T10:05:33","date_gmt":"2023-06-27T10:05:33","guid":{"rendered":"https:\/\/extinguishedcountries.com\/?post_type=product&#038;p=16561"},"modified":"2025-08-26T08:52:51","modified_gmt":"2025-08-26T08:52:51","slug":"repubblica-di-venezia-formato-ebook-copy-copy","status":"publish","type":"product","link":"https:\/\/extinguishedcountries.com\/it\/prodotto\/repubblica-di-venezia-formato-ebook-copy-copy\/","title":{"rendered":"Repubblica di Venezia \u2013 Formato eBook"},"content":{"rendered":"\t\t<div data-elementor-type=\"product-post\" data-elementor-id=\"16561\" class=\"elementor elementor-16561 elementor-16560\" data-elementor-post-type=\"product\">\n\t\t\t\t\t\t<section class=\"elementor-section elementor-top-section elementor-element elementor-element-5b2ccced elementor-section-boxed elementor-section-height-default elementor-section-height-default\" data-id=\"5b2ccced\" data-element_type=\"section\" data-e-type=\"section\">\n\t\t\t\t\t\t<div class=\"elementor-container elementor-column-gap-default\">\n\t\t\t\t\t<div class=\"elementor-column elementor-col-100 elementor-top-column elementor-element elementor-element-2366b59c\" data-id=\"2366b59c\" data-element_type=\"column\" data-e-type=\"column\">\n\t\t\t<div class=\"elementor-widget-wrap elementor-element-populated\">\n\t\t\t\t\t\t<div class=\"elementor-element elementor-element-6f4c4185 elementor-widget elementor-widget-text-editor\" data-id=\"6f4c4185\" data-element_type=\"widget\" data-e-type=\"widget\" data-widget_type=\"text-editor.default\">\n\t\t\t\t<div class=\"elementor-widget-container\">\n\t\t\t\t\t\t\t\t\t<h3>Repubblica di Venezia<\/h3>\n<p><em>Un viaggio insolito tra Italia, Slovenia, Croazia, Montenegro, Albania, Grecia e Cipro<\/em><\/p>\n<p>di Giovanni Vale<\/p>\n<p><strong>Repubblica di Venezia \u00e8 il primo volume della<\/strong> <strong>collana Extinguished Countries (Stati scomparsi),<\/strong> <strong>una serie di guide di viaggio dedicate a stati che non esistono pi\u00f9.<\/strong><\/p>\n<p>Frutto di centinaia di interviste da Bergamo a Cipro, il libro racconta la storia millenaria della Serenissima attraverso reportage, mappe, foto, illustrazioni e ricette. Seguendo i confini di oggi e quelli del passato, propone un viaggio alla ricerca dell\u2019eredit\u00e0 architettonica, linguistica, gastronomica e culturale che la Repubblica ha lasciato nei \u201csuoi\u201d territori. Cosa c\u2019\u00e8 di veneziano a Cipro? Perch\u00e9 si cucina il baccal\u00e0 in Dalmazia? Quali sono le influenze albanesi a Venezia e qual \u00e8 la storia dei leoni alati di Rovereto? Senza nostalgia o revisionismo, <em>Repubblica di Venezia<\/em> traccia un percorso documentato e piacevole tra le diverse interpretazioni di un passato comune. \u00c8 una macchina del tempo tascabile per scoprire l\u2019Europa in un modo nuovo.<\/p>\n<p><strong>Extinguished Countries<\/strong> \u00e8 un progetto editoriale lanciato nel 2020 con una campagna di crowdfunding. Il suo obiettivo \u00e8 portare il lettore indietro nel tempo verso regni, repubbliche e imperi del passato, alla scoperta di un pezzo della nostra identit\u00e0. I libri della collana sono disponibili anche in inglese.<\/p>\n<p><strong>Giovanni Vale<\/strong> (Gemona del Friuli, 1987) \u00e8 un giornalista e scrittore italiano. Dal 2014 lavora come corrispondente dai Balcani per diverse testate italiane e straniere (Il Piccolo, La Croix, RSI&#8230;). \u00c8 l\u2019ideatore di Extinguished Countries. . \u00c8 l\u2019ideatore di Extinguished Countries.<\/p>\n<h6>Dettagli tecnici<\/h6>\n<p><strong>Casa editrice:<\/strong> Paper Boat Stories<br \/><strong>Collana:<\/strong> Extinguished Countries<br \/><strong>ISBN:<\/strong> 9789534938904<\/p>\n<p><strong>Formati:<\/strong> PDF, ePub, mobi<br \/><strong>Anno di Pubblicazione:<\/strong> May 2021<br \/><strong>Prima ristampa:<\/strong> October 2021<\/p>\n<p><strong>Pagine:<\/strong> 320<br \/><strong>Prezzo:<\/strong> 15,53 EUR<\/p>\n\t\t\t\t\t\t\t\t<\/div>\n\t\t\t\t<\/div>\n\t\t\t\t\t<\/div>\n\t\t<\/div>\n\t\t\t\t\t<\/div>\n\t\t<\/section>\n\t\t\t\t<\/div>\n\t\t","protected":false},"excerpt":{"rendered":"<p>Abbassare una vela, lanciare una cima, trovare riparo in una baia prima che arrivi il cattivo tempo, o ancora mettere piede a terra e alzare lo sguardo verso finestre gotiche e balconi rinascimentali.<br \/>\nLa <em>Serenissima Repubblica di Venezia<\/em> \u2013 com\u2019era chiamato questo Stato scomparso al tempo del suo massimo splendore \u2013 \u00e8 raccolta in queste e tante altre immagini. Sono storie che ci parlano di mare, commerci, battaglie navali, arte e cultura. Il compito di questa guida sar\u00e0 quello di farvi rivivere quel passato e quei paesaggi attraverso un viaggio contemporaneo.<\/p>\n","protected":false},"featured_media":16563,"comment_status":"open","ping_status":"closed","template":"","meta":[],"product_brand":[],"product_cat":[96,437],"product_tag":[],"class_list":{"0":"post-16561","1":"product","2":"type-product","3":"status-publish","4":"has-post-thumbnail","6":"product_cat-libri","7":"product_cat-venezia","8":"product_shipping_class-ebook","9":"entry","11":"first","12":"instock","13":"downloadable","14":"virtual","15":"purchasable","16":"product-type-simple"},"_links":{"self":[{"href":"https:\/\/extinguishedcountries.com\/it\/wp-json\/wp\/v2\/product\/16561","targetHints":{"allow":["GET"]}}],"collection":[{"href":"https:\/\/extinguishedcountries.com\/it\/wp-json\/wp\/v2\/product"}],"about":[{"href":"https:\/\/extinguishedcountries.com\/it\/wp-json\/wp\/v2\/types\/product"}],"replies":[{"embeddable":true,"href":"https:\/\/extinguishedcountries.com\/it\/wp-json\/wp\/v2\/comments?post=16561"}],"version-history":[{"count":0,"href":"https:\/\/extinguishedcountries.com\/it\/wp-json\/wp\/v2\/product\/16561\/revisions"}],"wp:featuredmedia":[{"embeddable":true,"href":"https:\/\/extinguishedcountries.com\/it\/wp-json\/wp\/v2\/media\/16563"}],"wp:attachment":[{"href":"https:\/\/extinguishedcountries.com\/it\/wp-json\/wp\/v2\/media?parent=16561"}],"wp:term":[{"taxonomy":"product_brand","embeddable":true,"href":"https:\/\/extinguishedcountries.com\/it\/wp-json\/wp\/v2\/product_brand?post=16561"},{"taxonomy":"product_cat","embeddable":true,"href":"https:\/\/extinguishedcountries.com\/it\/wp-json\/wp\/v2\/product_cat?post=16561"},{"taxonomy":"product_tag","embeddable":true,"href":"https:\/\/extinguishedcountries.com\/it\/wp-json\/wp\/v2\/product_tag?post=16561"}],"curies":[{"name":"wp","href":"https:\/\/api.w.org\/{rel}","templated":true}]}}