{"id":17217,"date":"2023-12-14T11:04:45","date_gmt":"2023-12-14T11:04:45","guid":{"rendered":"https:\/\/extinguishedcountries.com\/product\/habsburg-empire-eng-copertina-flessibile\/"},"modified":"2025-11-14T11:06:45","modified_gmt":"2025-11-14T11:06:45","slug":"habsburg-empire-eng-paperback","status":"publish","type":"product","link":"https:\/\/extinguishedcountries.com\/it\/prodotto\/habsburg-empire-eng-paperback\/","title":{"rendered":"Habsburg Empire [ENG] \u2013 Paperback"},"content":{"rendered":"<p>La pi\u00f9 grande area di libero scambio d\u2019Europa. Una superficie di quasi 700.000 km2 governata da istituzioni comuni e abitata da decine di popoli diversi. Uno stato multilingue, multietnico e multiconfessionale, dove gli acquisti si fanno in un\u2019unica valuta. L\u2019Unione europea? No: l\u2019Impero asburgico alla vigilia della Prima guerra mondiale.<br \/>\nDa Trieste a Leopoli, da Praga a Sarajevo, passando naturalmente per Vienna e per Budapest, preparatevi ad un viaggio alle radici dell\u2019identit\u00e0 europea. Visiteremo citt\u00e0 modernissime per l\u2019epoca e incontreremo artisti e intellettuali che ne hanno segnato la cultura. Indulgeremo nei caff\u00e8 storici, tra dolci alla crema e piatti iconici, e ci muoveremo su linee ferroviarie ancora in uso in tutta Europa.<br \/>\nCome nel primo volume di questa serie, dedicato alla Repubblica di Venezia, ripercorriamo la storia dell\u2019Impero asburgico cercando la sua eredit\u00e0 negli stati che ne sono nati. Decine di storici, linguisti, antropologi e altri esperti hanno risposto alle nostre domande e ci guidano in un viaggio ricco di sorprese tra passato e presente.<br \/>\nChi sono stati gli Asburgo, questa famiglia originaria della Svizzera che per secoli ha governato buona parte d\u2019Europa? Cos\u2019\u00e8 stato il loro impero e perch\u00e9 \u00e8 scomparso? E cosa ne pensano oggi gli abitanti dei territori che un tempo ne facevano parte? Salite a bordo, si parte.          <\/p>\n<p><strong>Dettagli tecnici<\/strong><\/p>\n<p>Editore: Paper Boat Stories<br \/>\nCollana: Extinguished Countries<br \/>\nDimensioni: 21,5 x 14,5 cm<br \/>\nPubblicazione: Giugno 2025<br \/>\nPagine: 256<br \/>\nPrezzo: 25,00 EUR<\/p>\n","protected":false},"excerpt":{"rendered":"<p>La pi\u00f9 grande area di libero scambio d\u2019Europa. Una superficie di quasi 700.000 km2 governata da istituzioni comuni e abitata da decine di popoli diversi. Uno stato multilingue, multietnico e multiconfessionale, dove gli acquisti si fanno in un\u2019unica valuta. L\u2019Unione europea? No: l\u2019Impero asburgico alla vigilia della Prima guerra mondiale. Da Trieste a Leopoli, da&hellip; <a class=\"more-link\" href=\"https:\/\/extinguishedcountries.com\/it\/prodotto\/habsburg-empire-eng-paperback\/\">Continua a leggere <span class=\"screen-reader-text\">Habsburg Empire [ENG] \u2013 Paperback<\/span><\/a><\/p>\n","protected":false},"featured_media":18049,"comment_status":"open","ping_status":"closed","template":"","meta":[],"product_brand":[],"product_cat":[96,439],"product_tag":[],"class_list":{"0":"post-17217","1":"product","2":"type-product","3":"status-publish","4":"has-post-thumbnail","6":"product_cat-libri","7":"product_cat-asburgo","8":"product_shipping_class-libro-it","9":"entry","11":"first","12":"instock","13":"featured","14":"shipping-taxable","15":"purchasable","16":"product-type-simple"},"_links":{"self":[{"href":"https:\/\/extinguishedcountries.com\/it\/wp-json\/wp\/v2\/product\/17217","targetHints":{"allow":["GET"]}}],"collection":[{"href":"https:\/\/extinguishedcountries.com\/it\/wp-json\/wp\/v2\/product"}],"about":[{"href":"https:\/\/extinguishedcountries.com\/it\/wp-json\/wp\/v2\/types\/product"}],"replies":[{"embeddable":true,"href":"https:\/\/extinguishedcountries.com\/it\/wp-json\/wp\/v2\/comments?post=17217"}],"version-history":[{"count":0,"href":"https:\/\/extinguishedcountries.com\/it\/wp-json\/wp\/v2\/product\/17217\/revisions"}],"wp:featuredmedia":[{"embeddable":true,"href":"https:\/\/extinguishedcountries.com\/it\/wp-json\/wp\/v2\/media\/18049"}],"wp:attachment":[{"href":"https:\/\/extinguishedcountries.com\/it\/wp-json\/wp\/v2\/media?parent=17217"}],"wp:term":[{"taxonomy":"product_brand","embeddable":true,"href":"https:\/\/extinguishedcountries.com\/it\/wp-json\/wp\/v2\/product_brand?post=17217"},{"taxonomy":"product_cat","embeddable":true,"href":"https:\/\/extinguishedcountries.com\/it\/wp-json\/wp\/v2\/product_cat?post=17217"},{"taxonomy":"product_tag","embeddable":true,"href":"https:\/\/extinguishedcountries.com\/it\/wp-json\/wp\/v2\/product_tag?post=17217"}],"curies":[{"name":"wp","href":"https:\/\/api.w.org\/{rel}","templated":true}]}}