{"id":17250,"date":"2023-12-14T11:37:36","date_gmt":"2023-12-14T11:37:36","guid":{"rendered":"https:\/\/extinguishedcountries.com\/product\/habsburg-empire-eng-ebook\/"},"modified":"2025-08-26T08:52:51","modified_gmt":"2025-08-26T08:52:51","slug":"habsburg-empire-eng-ebook","status":"publish","type":"product","link":"https:\/\/extinguishedcountries.com\/it\/prodotto\/habsburg-empire-eng-ebook\/","title":{"rendered":"Habsburg Empire [ENG] &#8211; eBook"},"content":{"rendered":"<p>Per oltre sei secoli, fino alla fine della Prima Guerra Mondiale, gli Asburgo hanno governato su gran parte dell&#8217;Europa. La forma del loro impero \u00e8 variata molto nel corso della storia (un tempo comprendeva persino il Messico!). Al momento della sua caduta, l&#8217;Impero asburgico comprendeva parti di 13 Paesi contemporanei: Austria, Ungheria, Cechia, Slovacchia, Polonia, Ucraina, Romania, Serbia, Slovenia, Croazia, Bosnia-Erzegovina, Montenegro e Italia.<\/p>\n<p>La nostra guida vi porter\u00e0 attraverso le Alpi e lungo il Danubio. Scoprirete una dinastia affascinante e terribile al tempo stesso, una societ\u00e0 multilingue e multiculturale e una ricca storia, la cui eredit\u00e0 \u00e8 visibile ancora oggi. \u00c8 una storia di battaglie epiche e scoperte tecnologiche, di trasformazioni sociali e rivoluzioni.<\/p>\n<p><strong>Dettagli tecnici<\/strong><\/p>\n<p>Editore: Paper Boat Stories<br \/>\nSerie: Extinguished Countries (Stati scomparsi)<br \/>\nFormato: PDF, ePub, mobi<br \/>\nPubblicazione prevista: Dicembre 2024<br \/>\nPagine: 320<br \/>\nPrezzo: 15,00 EUR<\/p>\n","protected":false},"excerpt":{"rendered":"<p>Per oltre sei secoli, fino alla fine della Prima Guerra Mondiale, gli Asburgo hanno governato su gran parte dell&#8217;Europa. La forma del loro impero \u00e8 variata molto nel corso della storia (un tempo comprendeva persino il Messico!). Al momento della sua caduta, l&#8217;Impero asburgico comprendeva parti di 13 Paesi contemporanei: Austria, Ungheria, Cechia, Slovacchia, Polonia,&hellip; <a class=\"more-link\" href=\"https:\/\/extinguishedcountries.com\/it\/prodotto\/habsburg-empire-eng-ebook\/\">Continua a leggere <span class=\"screen-reader-text\">Habsburg Empire [ENG] &#8211; eBook<\/span><\/a><\/p>\n","protected":false},"featured_media":18066,"comment_status":"open","ping_status":"closed","template":"","meta":[],"product_brand":[],"product_cat":[96,439],"product_tag":[679,680],"class_list":{"0":"post-17250","1":"product","2":"type-product","3":"status-publish","4":"has-post-thumbnail","6":"product_cat-libri","7":"product_cat-asburgo","8":"product_tag-asburgo","9":"product_tag-impero-asburgico","10":"product_shipping_class-ebook","11":"entry","13":"first","14":"instock","15":"downloadable","16":"virtual","17":"purchasable","18":"product-type-simple"},"_links":{"self":[{"href":"https:\/\/extinguishedcountries.com\/it\/wp-json\/wp\/v2\/product\/17250","targetHints":{"allow":["GET"]}}],"collection":[{"href":"https:\/\/extinguishedcountries.com\/it\/wp-json\/wp\/v2\/product"}],"about":[{"href":"https:\/\/extinguishedcountries.com\/it\/wp-json\/wp\/v2\/types\/product"}],"replies":[{"embeddable":true,"href":"https:\/\/extinguishedcountries.com\/it\/wp-json\/wp\/v2\/comments?post=17250"}],"version-history":[{"count":0,"href":"https:\/\/extinguishedcountries.com\/it\/wp-json\/wp\/v2\/product\/17250\/revisions"}],"wp:featuredmedia":[{"embeddable":true,"href":"https:\/\/extinguishedcountries.com\/it\/wp-json\/wp\/v2\/media\/18066"}],"wp:attachment":[{"href":"https:\/\/extinguishedcountries.com\/it\/wp-json\/wp\/v2\/media?parent=17250"}],"wp:term":[{"taxonomy":"product_brand","embeddable":true,"href":"https:\/\/extinguishedcountries.com\/it\/wp-json\/wp\/v2\/product_brand?post=17250"},{"taxonomy":"product_cat","embeddable":true,"href":"https:\/\/extinguishedcountries.com\/it\/wp-json\/wp\/v2\/product_cat?post=17250"},{"taxonomy":"product_tag","embeddable":true,"href":"https:\/\/extinguishedcountries.com\/it\/wp-json\/wp\/v2\/product_tag?post=17250"}],"curies":[{"name":"wp","href":"https:\/\/api.w.org\/{rel}","templated":true}]}}